{"id":12,"date":"2024-08-18T21:32:46","date_gmt":"2024-08-18T21:32:46","guid":{"rendered":"https:\/\/nathalenearmand.com\/dev\/?page_id=12"},"modified":"2025-01-10T13:11:31","modified_gmt":"2025-01-10T13:11:31","slug":"prix-et-dinstinctions","status":"publish","type":"page","link":"https:\/\/nathalenearmand.com\/?page_id=12","title":{"rendered":"Distinctions"},"content":{"rendered":"<div  class=\"tatsu-Skv8axKj0 tatsu-section  tatsu-section-custom-height tatsu-bg-overlay   tatsu-clearfix\" data-title=\"\"  data-headerscheme=\"background--dark\"><div class = \"tatsu-custom-height-wrap\"><div class='tatsu-section-pad clearfix' data-padding='{\"d\":\"120px 0px 120px 0px \"}' data-padding-top='120px'><div class=\"tatsu-row-wrap  tatsu-wrap tatsu-row-one-col tatsu-row-has-one-cols tatsu-medium-gutter tatsu-reg-cols  tatsu-clearfix tatsu-BylPUpgKjA\" ><div  class=\"tatsu-row \" ><div  class=\"tatsu-column  tatsu-column-no-bg tatsu-one-col tatsu-column-align-middle tatsu-column-image-none tatsu-column-effect-none  tatsu-SkWvI6gtj0\"  data-parallax-speed=\"0\" style=\"\"><div class=\"tatsu-column-inner \" ><div class=\"tatsu-column-pad-wrap\"><div class=\"tatsu-column-pad\" >                <div  class = \"tatsu-module tatsu-star-rating tatsu-HyvFeH92A    tatsu-star-rating-align-center\" >\n                    <style>.tatsu-HyvFeH92A .tatsu-star-rating-filled{color: #F5C74D ;}.tatsu-HyvFeH92A.tatsu-module{margin: 0 0 10px 0;}<\/style>                    <div class = \"tatsu-star-rating-inner\">\n                        <div class = \"tatsu-star-rating-range\">\n                            <span class = \"tatsu-star-rating-star\">   \n                                <svg xmlns=\"http:\/\/www.w3.org\/2000\/svg\" width=\"14\" height=\"15\" viewBox=\"0 0 14 15\"><polygon points=\"1189 6866 1190.9 6871.348 1196 6871.348 1191.838 6874.488 1193.327 6880 1189 6876.695 1184.675 6880 1186.162 6874.488 1182 6871.348 1187.1 6871.348\" transform=\"translate(-1182 -6866)\"\/><\/svg> \n                            <\/span>                                  \n                            <span class = \"tatsu-star-rating-star\">    \n                                <svg xmlns=\"http:\/\/www.w3.org\/2000\/svg\" width=\"14\" height=\"15\" viewBox=\"0 0 14 15\"><polygon points=\"1189 6866 1190.9 6871.348 1196 6871.348 1191.838 6874.488 1193.327 6880 1189 6876.695 1184.675 6880 1186.162 6874.488 1182 6871.348 1187.1 6871.348\" transform=\"translate(-1182 -6866)\"\/><\/svg>         \n                            <\/span>                                 \n                            <span class = \"tatsu-star-rating-star\">     \n                                <svg xmlns=\"http:\/\/www.w3.org\/2000\/svg\" width=\"14\" height=\"15\" viewBox=\"0 0 14 15\"><polygon points=\"1189 6866 1190.9 6871.348 1196 6871.348 1191.838 6874.488 1193.327 6880 1189 6876.695 1184.675 6880 1186.162 6874.488 1182 6871.348 1187.1 6871.348\" transform=\"translate(-1182 -6866)\"\/><\/svg>      \n                            <\/span>                                 \n                            <span class = \"tatsu-star-rating-star\">    \n                                <svg xmlns=\"http:\/\/www.w3.org\/2000\/svg\" width=\"14\" height=\"15\" viewBox=\"0 0 14 15\"><polygon points=\"1189 6866 1190.9 6871.348 1196 6871.348 1191.838 6874.488 1193.327 6880 1189 6876.695 1184.675 6880 1186.162 6874.488 1182 6871.348 1187.1 6871.348\" transform=\"translate(-1182 -6866)\"\/><\/svg>    \n                            <\/span>                                 \n                            <span class = \"tatsu-star-rating-star\">           \n                                <svg xmlns=\"http:\/\/www.w3.org\/2000\/svg\" width=\"14\" height=\"15\" viewBox=\"0 0 14 15\"><polygon points=\"1189 6866 1190.9 6871.348 1196 6871.348 1191.838 6874.488 1193.327 6880 1189 6876.695 1184.675 6880 1186.162 6874.488 1182 6871.348 1187.1 6871.348\" transform=\"translate(-1182 -6866)\"\/><\/svg>     \n                            <\/span>    \n                        <\/div>\n                        <div style = \"width : 100% ;\" class = \"tatsu-star-rating-filled\">\n                            <span class = \"tatsu-star-rating-star\">    \n                                <svg xmlns=\"http:\/\/www.w3.org\/2000\/svg\" width=\"14\" height=\"15\" viewBox=\"0 0 14 15\"><polygon points=\"1170 6866 1171.9 6871.348 1177 6871.348 1172.838 6874.488 1174.327 6880 1170 6876.695 1165.675 6880 1167.162 6874.488 1163 6871.348 1168.1 6871.348\" transform=\"translate(-1163 -6866)\"\/><\/svg>\n                            <\/span>                                  \n                            <span class = \"tatsu-star-rating-star\">    \n                                <svg xmlns=\"http:\/\/www.w3.org\/2000\/svg\" width=\"14\" height=\"15\" viewBox=\"0 0 14 15\"><polygon points=\"1170 6866 1171.9 6871.348 1177 6871.348 1172.838 6874.488 1174.327 6880 1170 6876.695 1165.675 6880 1167.162 6874.488 1163 6871.348 1168.1 6871.348\" transform=\"translate(-1163 -6866)\"\/><\/svg>\n                            <\/span>                                 \n                            <span class = \"tatsu-star-rating-star\">     \n                                <svg xmlns=\"http:\/\/www.w3.org\/2000\/svg\" width=\"14\" height=\"15\" viewBox=\"0 0 14 15\"><polygon points=\"1170 6866 1171.9 6871.348 1177 6871.348 1172.838 6874.488 1174.327 6880 1170 6876.695 1165.675 6880 1167.162 6874.488 1163 6871.348 1168.1 6871.348\" transform=\"translate(-1163 -6866)\"\/><\/svg>\n                            <\/span>                                 \n                            <span class = \"tatsu-star-rating-star\">    \n                                <svg xmlns=\"http:\/\/www.w3.org\/2000\/svg\" width=\"14\" height=\"15\" viewBox=\"0 0 14 15\"><polygon points=\"1170 6866 1171.9 6871.348 1177 6871.348 1172.838 6874.488 1174.327 6880 1170 6876.695 1165.675 6880 1167.162 6874.488 1163 6871.348 1168.1 6871.348\" transform=\"translate(-1163 -6866)\"\/><\/svg>    \n                            <\/span>                                 \n                            <span class = \"tatsu-star-rating-star\">\n                                <svg xmlns=\"http:\/\/www.w3.org\/2000\/svg\" width=\"14\" height=\"15\" viewBox=\"0 0 14 15\"><polygon points=\"1170 6866 1171.9 6871.348 1177 6871.348 1172.838 6874.488 1174.327 6880 1170 6876.695 1165.675 6880 1167.162 6874.488 1163 6871.348 1168.1 6871.348\" transform=\"translate(-1163 -6866)\"\/><\/svg>\n                            <\/span>    \n                        <\/div>\n                    <\/div>\n                <\/div>\n            <div  class=\"tatsu-module tatsu-text-block-wrap tatsu-rJFyuKvTA  \"><div class=\"tatsu-text-inner tatsu-align-center  clearfix\" ><style>.tatsu-rJFyuKvTA.tatsu-text-block-wrap .tatsu-text-inner{width: 100%;text-align: center;color: rgba(245,166,35,1) ;}.tatsu-rJFyuKvTA .tatsu-text-inner *{color: rgba(245,166,35,1) ;}<\/style>\n<h2>Prix et distinctions<\/h2>\n<\/div><\/div><\/div><\/div><div class = \"tatsu-column-bg-image-wrap\"><div class = \"tatsu-column-bg-image\" ><\/div><\/div><\/div><style>.tatsu-row > .tatsu-SkWvI6gtj0.tatsu-column{width: 100%;}.tatsu-SkWvI6gtj0.tatsu-column > .tatsu-column-inner > .tatsu-column-overlay{mix-blend-mode: none;}.tatsu-SkWvI6gtj0 > .tatsu-column-inner > .tatsu-top-divider{z-index: 9999;}.tatsu-SkWvI6gtj0 > .tatsu-column-inner > .tatsu-bottom-divider{z-index: 9999;}.tatsu-SkWvI6gtj0 > .tatsu-column-inner > .tatsu-left-divider{z-index: 9999;}.tatsu-SkWvI6gtj0 > .tatsu-column-inner > .tatsu-right-divider{z-index: 9999;}<\/style><\/div><\/div><\/div><\/div><div class=\"tatsu-section-background-wrap\"><div class = \"tatsu-section-background\" ><\/div><\/div><div class=\"tatsu-overlay tatsu-section-overlay\"><\/div><\/div><style>.tatsu-Skv8axKj0 .tatsu-section-background{background-image: url(https:\/\/nathalenearmand.com\/wp-content\/uploads\/2024\/09\/biblio.png);background-repeat: no-repeat;background-attachment: scroll;background-position: top right;background-size: cover;}.tatsu-Skv8axKj0 .tatsu-bg-blur{background-repeat: no-repeat;background-attachment: scroll;background-position: top right;background-size: cover;}.tatsu-Skv8axKj0 .tatsu-section-pad{padding: 120px 0px 120px 0px ;}.tatsu-Skv8axKj0 > .tatsu-bottom-divider{z-index: 9999;}.tatsu-Skv8axKj0 > .tatsu-top-divider{z-index: 9999;}.tatsu-Skv8axKj0 .tatsu-section-overlay{background: rgba(14,47,54,0.69);mix-blend-mode: normal;}.tatsu-Skv8axKj0 .tatsu-custom-height-wrap{align-items: center;min-height: 800px;}@media only screen and (max-width: 767px) {.tatsu-Skv8axKj0 .tatsu-custom-height-wrap{min-height: 600px;}}<\/style><\/div><div  class=\"tatsu-SyZQ-cgts0 tatsu-section  tatsu-bg-overlay   tatsu-clearfix\" data-title=\"\"  data-headerscheme=\"background--dark\"><div class='tatsu-section-pad clearfix' data-padding='{\"d\":\"0px 0px 60px 0px\"}' data-padding-top='0px'><div class=\"tatsu-row-wrap  tatsu-wrap tatsu-row-one-col tatsu-row-has-one-cols tatsu-medium-gutter tatsu-reg-cols  tatsu-clearfix tatsu-SkeXWcgKjA\" ><div  class=\"tatsu-row \" ><div  class=\"tatsu-column  tatsu-bg-overlay tatsu-one-col tatsu-column-image-none tatsu-column-effect-none  tatsu-S1Q-5xYiR\"  data-parallax-speed=\"0\" style=\"\"><div class=\"tatsu-column-inner \" ><div class=\"tatsu-column-pad-wrap\"><div class=\"tatsu-column-pad\" ><div  class=\"tatsu-module tatsu-text-block-wrap tatsu-B1ITs7xGkg  \"><div class=\"tatsu-text-inner tatsu-align-center  clearfix\" ><style>.tatsu-B1ITs7xGkg.tatsu-text-block-wrap .tatsu-text-inner{width: 100%;text-align: right;color: rgba(255,255,255,0.58) ;}.tatsu-B1ITs7xGkg .tatsu-text-inner *{color: rgba(255,255,255,0.58) ;}<\/style>\n<p><span style=\"font-size: 8pt; color: #ffffff;\">Photo\u00a0: Emmanuel Armand<\/span><\/p>\n<\/div><\/div><div  class=\"tatsu-module tatsu-text-block-wrap tatsu-rJlIRighA  \"><div class=\"tatsu-text-inner tatsu-align-center  clearfix\" ><style>.tatsu-rJlIRighA.tatsu-text-block-wrap .tatsu-text-inner{width: 100%;text-align: left;color: rgba(217,192,130,1) ;}.tatsu-rJlIRighA.tatsu-text-block-wrap{margin: 0px 0px 0px 0px;}.tatsu-rJlIRighA .tatsu-text-inner *{color: rgba(217,192,130,1) ;}.tatsu-rJlIRighA.tatsu-text-block-wrap .tatsu-text-inner *{}<\/style>\n<h5><strong>2023<\/strong><\/h5>\n<\/div><\/div><div  class=\"tatsu-module tatsu-text-block-wrap tatsu-B1Imcxts0  \"><div class=\"tatsu-text-inner tatsu-align-center  clearfix\" ><style>.tatsu-B1Imcxts0.tatsu-text-block-wrap .tatsu-text-inner{width: 100%;text-align: left;}<\/style>\n<p><span style=\"color: #ffffff;\">Obtention d\u2019une m\u00e9daille d\u2019\u00e9tain, cat\u00e9gorie \u00c9crivain. Distinction d\u00e9cern\u00e9e par\u00a0<\/span><span style=\"color: #ffffff;\">Arts \u2013 Sciences \u2013 Lettres, la soci\u00e9t\u00e9 acad\u00e9mique d\u2019\u00e9ducation et d\u2019encouragement fond\u00e9e en 1915 et couronn\u00e9e par l\u2019Acad\u00e9mie fran\u00e7aise. La remise des r\u00e9compenses a eu lieu le 14 octobre 2023 \u00e0 l\u2019h\u00f4tel Intercontinental \u00e0 Paris, en pr\u00e9sence des trois Grandes M\u00e9dailles d&rsquo;Or\u00a0: \u00c9ric Emmanuel Schmitt, \u00e9crivain, com\u00e9dien et directeur de th\u00e9\u00e2tre, Marcel de Villemoison, artiste peintre et illustrateur, et le Docteur Daniel Stage, directeur de l&rsquo;Association Oncodefi.<\/span><\/p>\n<\/div><\/div><div  class=\"tatsu-module tatsu-text-block-wrap tatsu-H1GWRslnA  \"><div class=\"tatsu-text-inner tatsu-align-center  clearfix\" ><style>.tatsu-H1GWRslnA.tatsu-text-block-wrap .tatsu-text-inner{width: 100%;text-align: left;color: rgba(217,192,130,1) ;}.tatsu-H1GWRslnA.tatsu-text-block-wrap{margin: 0px 0px 0px 0px;}.tatsu-H1GWRslnA .tatsu-text-inner *{color: rgba(217,192,130,1) ;}<\/style>\n<h5><strong>2005<\/strong><\/h5>\n<\/div><\/div><div  class=\"tatsu-module tatsu-text-block-wrap tatsu-SJeSw9xti0  \"><div class=\"tatsu-text-inner tatsu-align-center  clearfix\" ><style>.tatsu-SJeSw9xti0.tatsu-text-block-wrap .tatsu-text-inner{width: 100%;text-align: left;color: rgba(255,255,255,1) ;}.tatsu-SJeSw9xti0 .tatsu-text-inner *{color: rgba(255,255,255,1) ;}<\/style>\n<p><span style=\"color: #fff;\">Obtention d&rsquo;une m\u00e9daille de bronze d\u00e9cern\u00e9e par Arts \u2013 Sciences \u2013 Lettres, la soci\u00e9t\u00e9 acad\u00e9mique d\u2019\u00e9ducation et d\u2019encouragement fond\u00e9e en 1915 et couronn\u00e9e par l\u2019Acad\u00e9mie fran\u00e7aise. dans la cat\u00e9gorie \u00c9crivain. Cette distinction souligne le potentiel de la laur\u00e9ate et vise \u00e0 l\u2019encourager \u00e0 poursuivre dans sa discipline. Chaque ann\u00e9e, les d\u00e9l\u00e9gu\u00e9s soumettent les candidatures de ceux et celles qui contribuent \u00e0 l\u2019\u00e9panouissement des arts, des sciences et des lettres dans leurs pays respectifs. La remise des prix a eu lieu le 17 avril 2005 \u00e0 l\u2019h\u00f4tel Intercontinental \u00e0 Paris, sous le haut patronage de monsieur Jacques Chirac, pr\u00e9sident de la R\u00e9publique, et de la com\u00e9dienne et peintre, madame Mich\u00e8le Morgan, invit\u00e9e d\u2019honneur.<\/span><\/p>\n<\/div><\/div><div  class=\"tatsu-single-image tatsu-module tatsu-image-lazyload tatsu-SJnFy-to0  \" ><div class=\"tatsu-single-image-inner \" style=\"width : 1038px;\" ><div class = \"tatsu-single-image-padding-wrap\" style = \"padding-bottom : 70.423892100193%;\" ><\/div><img class = \"tatsu-gradient-border\" alt = \"\" title = \"NathaleneParis\" data-src = \"https:\/\/nathalenearmand.com\/wp-content\/uploads\/2024\/08\/NathaleneParis.jpg\" src =\"data:image\/png;base64,iVBORw0KGgoAAAANSUhEUgAAAAEAAAABCAQAAAC1HAwCAAAAC0lEQVR42mNkYAAAAAYAAjCB0C8AAAAASUVORK5CYII=\"  \/><\/div><style>.tatsu-SJnFy-to0 .tatsu-single-image-inner{border-style: solid;border-color: rgba(255,255,255,1); max-width: 100%;}.tatsu-SJnFy-to0.tatsu-single-image{transform: translate3d(0px,0px, 0);}<\/style><\/div><div  class=\"tatsu-module tatsu-text-block-wrap tatsu-Hy9uCig2A  \"><div class=\"tatsu-text-inner tatsu-align-center  clearfix\" ><style>.tatsu-Hy9uCig2A.tatsu-text-block-wrap .tatsu-text-inner{width: 100%;text-align: left;color: rgba(217,192,130,1) ;}.tatsu-Hy9uCig2A.tatsu-text-block-wrap{margin: 0px 0px 0px 0px;}.tatsu-Hy9uCig2A .tatsu-text-inner *{color: rgba(217,192,130,1) ;}<\/style>\n<h5><strong>2002-2003<\/strong><\/h5>\n<\/div><\/div><div  class=\"tatsu-module tatsu-text-block-wrap tatsu-SyBwcxtoR  \"><div class=\"tatsu-text-inner tatsu-align-center  clearfix\" ><style>.tatsu-SyBwcxtoR.tatsu-text-block-wrap .tatsu-text-inner{width: 100%;text-align: left;color: rgba(255,255,255,1) ;}.tatsu-SyBwcxtoR .tatsu-text-inner *{color: rgba(255,255,255,1) ;}<\/style>\n<p>Obtention de la deuxi\u00e8me place dans la cat\u00e9gorie D\u00e9veloppement d\u2019un projet de long m\u00e9trage de fiction\u00a0Fondation Desjardins\u00a0pour la rel\u00e8ve en cin\u00e9ma.<\/p>\n<\/div><\/div><div  class=\"tatsu-module tatsu-text-block-wrap tatsu-BJWt0ixhA  \"><div class=\"tatsu-text-inner tatsu-align-center  clearfix\" ><style>.tatsu-BJWt0ixhA.tatsu-text-block-wrap .tatsu-text-inner{width: 100%;text-align: left;color: rgba(217,192,130,1) ;}.tatsu-BJWt0ixhA.tatsu-text-block-wrap{margin: 0px 0px 0px 0px;}.tatsu-BJWt0ixhA .tatsu-text-inner *{color: rgba(217,192,130,1) ;}<\/style>\n<h5><strong>2002<\/strong><\/h5>\n<\/div><\/div><div  class=\"tatsu-module tatsu-text-block-wrap tatsu-SklVvqxtsA  \"><div class=\"tatsu-text-inner tatsu-align-center  clearfix\" ><style>.tatsu-SklVvqxtsA.tatsu-text-block-wrap .tatsu-text-inner{width: 100%;text-align: left;color: rgba(255,255,255,1) ;}.tatsu-SklVvqxtsA .tatsu-text-inner *{color: rgba(255,255,255,1) ;}<\/style>\n<p>Finaliste en lice pour le\u00a0prix Robert-Cliche\u00a0avec le manuscrit du roman <em>Le bonheur rend sourd<\/em>. Ce prix reconna\u00eet le potentiel d\u2019une premi\u00e8re \u0153uvre romanesque au\u00a0Qu\u00e9bec.<\/p>\n<\/div><\/div><div  class=\"tatsu-module tatsu-text-block-wrap tatsu-H1130ogh0  \"><div class=\"tatsu-text-inner tatsu-align-center  clearfix\" ><style>.tatsu-H1130ogh0.tatsu-text-block-wrap .tatsu-text-inner{width: 100%;text-align: left;color: rgba(217,192,130,1) ;}.tatsu-H1130ogh0.tatsu-text-block-wrap{margin: 0px 0px 0px 0px;}.tatsu-H1130ogh0 .tatsu-text-inner *{color: rgba(217,192,130,1) ;}<\/style>\n<h5><strong>2000<\/strong><\/h5>\n<\/div><\/div><div  class=\"tatsu-module tatsu-text-block-wrap tatsu-SJVw5eYiC  \"><div class=\"tatsu-text-inner tatsu-align-center  clearfix\" ><style>.tatsu-SJVw5eYiC.tatsu-text-block-wrap .tatsu-text-inner{width: 100%;text-align: left;color: rgba(255,255,255,1) ;}.tatsu-SJVw5eYiC .tatsu-text-inner *{color: rgba(255,255,255,1) ;}<\/style>\n<p>S\u00e9lection d\u2019un projet de roman (<em>Le bonheur rend sourd<\/em>) et participation au programme de parrainage de l\u2019Union des \u00e9crivaines et \u00e9crivains qu\u00e9b\u00e9cois.<\/p>\n<\/div><\/div><div  class=\"tatsu-module tatsu-text-block-wrap tatsu-rJqN0oe3A  \"><div class=\"tatsu-text-inner tatsu-align-center  clearfix\" ><style>.tatsu-rJqN0oe3A.tatsu-text-block-wrap .tatsu-text-inner{width: 100%;text-align: left;color: rgba(217,192,130,1) ;}.tatsu-rJqN0oe3A.tatsu-text-block-wrap{margin: 0px 0px 0px 0px;}.tatsu-rJqN0oe3A .tatsu-text-inner *{color: rgba(217,192,130,1) ;}<\/style>\n<h5><strong>1987<\/strong><\/h5>\n<\/div><\/div><div  class=\"tatsu-module tatsu-text-block-wrap tatsu-HkkkTeto0  \"><div class=\"tatsu-text-inner tatsu-align-center  clearfix\" ><style>.tatsu-HkkkTeto0.tatsu-text-block-wrap .tatsu-text-inner{width: 100%;text-align: left;color: rgba(255,255,255,1) ;}.tatsu-HkkkTeto0 .tatsu-text-inner *{color: rgba(255,255,255,1) ;}<\/style>\n<p>Obtention d\u2019une mention du Gouverneur g\u00e9n\u00e9ral du Canada au concours Jeunes auteurs du Qu\u00e9bec, cat\u00e9gorie Roman jeunesse, avec le roman <em>Gertrude<\/em>.<\/p>\n<\/div><\/div><div  class=\"tatsu-module tatsu-text-block-wrap tatsu-SkNQzS92R  \"><div class=\"tatsu-text-inner tatsu-align-center  clearfix\" ><style>.tatsu-SkNQzS92R.tatsu-text-block-wrap .tatsu-text-inner{width: 100%;text-align: left;color: rgba(255,255,255,1) ;}.tatsu-SkNQzS92R .tatsu-text-inner *{color: rgba(255,255,255,1) ;}<\/style>\n<p>Obtention du premier prix, cat\u00e9gorie Roman, secondaire IV, concours litt\u00e9raire r\u00e9gional.<\/p>\n<\/div><\/div><div  class=\"tatsu-module tatsu-text-block-wrap tatsu-SJwZkne20  \"><div class=\"tatsu-text-inner tatsu-align-center  clearfix\" ><style>.tatsu-SJwZkne20.tatsu-text-block-wrap .tatsu-text-inner{width: 100%;text-align: left;color: rgba(217,192,130,1) ;}.tatsu-SJwZkne20.tatsu-text-block-wrap{margin: 0px 0px 0px 0px;}.tatsu-SJwZkne20 .tatsu-text-inner *{color: rgba(217,192,130,1) ;}<\/style>\n<h5><strong>1986<\/strong><\/h5>\n<\/div><\/div><div  class=\"tatsu-module tatsu-text-block-wrap tatsu-S10A3xFjC  \"><div class=\"tatsu-text-inner tatsu-align-center  clearfix\" ><style>.tatsu-S10A3xFjC.tatsu-text-block-wrap .tatsu-text-inner{width: 100%;text-align: left;color: rgba(255,255,255,1) ;}.tatsu-S10A3xFjC .tatsu-text-inner *{color: rgba(255,255,255,1) ;}<\/style>\n<p>Obtention du premier prix, cat\u00e9gorie Th\u00e9\u00e2tre, secondaire III, concours litt\u00e9raire r\u00e9gional.<\/p>\n<\/div><\/div><div  class=\"tatsu-module tatsu-text-block-wrap tatsu-SJ0balYiR  \"><div class=\"tatsu-text-inner tatsu-align-center  clearfix\" ><style>.tatsu-SJ0balYiR.tatsu-text-block-wrap .tatsu-text-inner{width: 100%;text-align: left;color: rgba(255,255,255,1) ;}.tatsu-SJ0balYiR .tatsu-text-inner *{color: rgba(255,255,255,1) ;}<\/style>\n<p>Roman s\u00e9lectionn\u00e9 au 6e Festival de cr\u00e9ations jeunesses dans le cadre du Festival Bruxelles-Babel 2000.<\/p>\n<\/div><\/div><\/div><\/div><div class = \"tatsu-column-bg-image-wrap\"><div class = \"tatsu-column-bg-image\" ><\/div><\/div><div class=\"tatsu-overlay tatsu-column-overlay tatsu-animate-none\" ><\/div><\/div><style>.tatsu-row > .tatsu-S1Q-5xYiR.tatsu-column{width: 100%;}.tatsu-S1Q-5xYiR.tatsu-column > .tatsu-column-inner > .tatsu-column-overlay{mix-blend-mode: normal;}.tatsu-S1Q-5xYiR > .tatsu-column-inner > .tatsu-top-divider{z-index: 9999;}.tatsu-S1Q-5xYiR > .tatsu-column-inner > .tatsu-bottom-divider{z-index: 9999;}.tatsu-S1Q-5xYiR > .tatsu-column-inner > .tatsu-left-divider{z-index: 9999;}.tatsu-S1Q-5xYiR > .tatsu-column-inner > .tatsu-right-divider{z-index: 9999;}@media only screen and (max-width:1377px) {.tatsu-row > .tatsu-S1Q-5xYiR.tatsu-column{width: 100%;}}@media only screen and (min-width:768px) and (max-width: 1024px) {.tatsu-row > .tatsu-S1Q-5xYiR.tatsu-column{width: 100%;}}@media only screen and (max-width: 767px) {.tatsu-row > .tatsu-S1Q-5xYiR.tatsu-column{width: 100%;}}<\/style><\/div><\/div><\/div><\/div><div class=\"tatsu-section-background-wrap\"><div class = \"tatsu-section-background\" ><\/div><\/div><div class=\"tatsu-overlay tatsu-section-overlay\"><\/div><style>.tatsu-SyZQ-cgts0.tatsu-section{background-color: rgba(42,65,94,1);}.tatsu-SyZQ-cgts0 .tatsu-section-background{background-image: url(https:\/\/nathalenearmand.com\/dev\/wp-content\/uploads\/2024\/09\/bg_foret-brouillard.jpg);background-repeat: no-repeat;background-attachment: fixed;background-position: top left;background-size: cover;}.tatsu-SyZQ-cgts0 .tatsu-bg-blur{background-repeat: no-repeat;background-attachment: fixed;background-position: top left;background-size: cover;}.tatsu-SyZQ-cgts0 .tatsu-section-pad{padding: 0px 0px 60px 0px;}.tatsu-SyZQ-cgts0 .tatsu-section-offset-wrap{transform: translateY(-0px);}.tatsu-SyZQ-cgts0 > .tatsu-bottom-divider{z-index: 9999;}.tatsu-SyZQ-cgts0 > .tatsu-top-divider{z-index: 9999;}.tatsu-SyZQ-cgts0 .tatsu-section-overlay{background: rgba(255,255,255,0.13);mix-blend-mode: normal;}<\/style><\/div>\n","protected":false},"excerpt":{"rendered":"<p><a href=\"https:\/\/nathalenearmand.com\/?page_id=12\" class=\"more-link style1-button\">Read More<\/a><\/p>","protected":false},"author":1,"featured_media":0,"parent":0,"menu_order":0,"comment_status":"closed","ping_status":"closed","template":"","meta":{"footnotes":""},"class_list":["post-12","page","type-page","status-publish","hentry"],"_links":{"self":[{"href":"https:\/\/nathalenearmand.com\/index.php?rest_route=\/wp\/v2\/pages\/12","targetHints":{"allow":["GET"]}}],"collection":[{"href":"https:\/\/nathalenearmand.com\/index.php?rest_route=\/wp\/v2\/pages"}],"about":[{"href":"https:\/\/nathalenearmand.com\/index.php?rest_route=\/wp\/v2\/types\/page"}],"author":[{"embeddable":true,"href":"https:\/\/nathalenearmand.com\/index.php?rest_route=\/wp\/v2\/users\/1"}],"replies":[{"embeddable":true,"href":"https:\/\/nathalenearmand.com\/index.php?rest_route=%2Fwp%2Fv2%2Fcomments&post=12"}],"version-history":[{"count":75,"href":"https:\/\/nathalenearmand.com\/index.php?rest_route=\/wp\/v2\/pages\/12\/revisions"}],"predecessor-version":[{"id":1241,"href":"https:\/\/nathalenearmand.com\/index.php?rest_route=\/wp\/v2\/pages\/12\/revisions\/1241"}],"wp:attachment":[{"href":"https:\/\/nathalenearmand.com\/index.php?rest_route=%2Fwp%2Fv2%2Fmedia&parent=12"}],"curies":[{"name":"wp","href":"https:\/\/api.w.org\/{rel}","templated":true}]}}